{"id":104,"date":"2020-11-23T17:11:48","date_gmt":"2020-11-23T17:11:48","guid":{"rendered":"http:\/\/orkestergrex.com\/?page_id=104"},"modified":"2024-10-06T18:12:46","modified_gmt":"2024-10-06T16:12:46","slug":"o-nas-2","status":"publish","type":"page","link":"https:\/\/orkestergrex.com\/index.php\/o-nas-2\/","title":{"rendered":"O NAS"},"content":{"rendered":"\t\t<div data-elementor-type=\"wp-page\" data-elementor-id=\"104\" class=\"elementor elementor-104\">\n\t\t\t\t\t\t<section class=\"elementor-section elementor-top-section elementor-element elementor-element-d3ef54e animated-slow elementor-section-boxed elementor-section-height-default elementor-section-height-default wpr-particle-no wpr-jarallax-no wpr-parallax-no wpr-sticky-section-no wpr-column-slider-no wpr-equal-height-no elementor-invisible\" data-id=\"d3ef54e\" data-element_type=\"section\" data-e-type=\"section\" data-settings=\"{&quot;background_background&quot;:&quot;gradient&quot;,&quot;animation&quot;:&quot;fadeInUp&quot;}\">\n\t\t\t\t\t\t<div class=\"elementor-container elementor-column-gap-default\">\n\t\t\t\t\t<div class=\"elementor-column elementor-col-100 elementor-top-column elementor-element elementor-element-293f423\" data-id=\"293f423\" data-element_type=\"column\" data-e-type=\"column\">\n\t\t\t<div class=\"elementor-widget-wrap elementor-element-populated\">\n\t\t\t\t\t\t<div class=\"elementor-element elementor-element-871ebea elementor-invisible elementor-widget elementor-widget-heading\" data-id=\"871ebea\" data-element_type=\"widget\" data-e-type=\"widget\" data-settings=\"{&quot;_animation&quot;:&quot;fadeInUp&quot;}\" data-widget_type=\"heading.default\">\n\t\t\t\t<div class=\"elementor-widget-container\">\n\t\t\t\t\t<h2 class=\"elementor-heading-title elementor-size-default\">USTANOVITEV IN VIZIJA<\/h2>\t\t\t\t<\/div>\n\t\t\t\t<\/div>\n\t\t\t\t\t<\/div>\n\t\t<\/div>\n\t\t\t\t\t<\/div>\n\t\t<\/section>\n\t\t\t\t<section class=\"elementor-section elementor-top-section elementor-element elementor-element-b82acd5 elementor-section-boxed elementor-section-height-default elementor-section-height-default wpr-particle-no wpr-jarallax-no wpr-parallax-no wpr-sticky-section-no wpr-column-slider-no wpr-equal-height-no\" data-id=\"b82acd5\" data-element_type=\"section\" data-e-type=\"section\">\n\t\t\t\t\t\t<div class=\"elementor-container elementor-column-gap-default\">\n\t\t\t\t\t<div class=\"elementor-column elementor-col-100 elementor-top-column elementor-element elementor-element-309d2a6\" data-id=\"309d2a6\" data-element_type=\"column\" data-e-type=\"column\">\n\t\t\t<div class=\"elementor-widget-wrap elementor-element-populated\">\n\t\t\t\t\t\t<div class=\"elementor-element elementor-element-5b19462 elementor-widget elementor-widget-spacer\" data-id=\"5b19462\" data-element_type=\"widget\" data-e-type=\"widget\" data-widget_type=\"spacer.default\">\n\t\t\t\t<div class=\"elementor-widget-container\">\n\t\t\t\t\t\t\t<div class=\"elementor-spacer\">\n\t\t\t<div class=\"elementor-spacer-inner\"><\/div>\n\t\t<\/div>\n\t\t\t\t\t\t<\/div>\n\t\t\t\t<\/div>\n\t\t\t\t<div class=\"elementor-element elementor-element-47fafb9 elementor-widget elementor-widget-text-editor\" data-id=\"47fafb9\" data-element_type=\"widget\" data-e-type=\"widget\" data-widget_type=\"text-editor.default\">\n\t\t\t\t<div class=\"elementor-widget-container\">\n\t\t\t\t\t\t\t\t\t<p>\u0160tudentski simfoni\u010dni orkester\u00a0<strong>Grex Symphoniacorum Univerze v Ljubljani<\/strong>\u00a0je nastal oktobra 2018 na pobudo \u0161tudentke medicine\u00a0<strong>Katarine Javornik<\/strong>. Orkester zdru\u017euje \u0161tudente in zaposlene vseh ljubljanskih fakultet, ki si poleg izpolnjevanja \u0161tudijskih obveznosti \u017eelimo tudi glasbeno udejstvovati. Po kon\u010danem izobra\u017eevanju v glasbenih \u0161olah do sedaj \u0161tudenti nismo imeli veliko mo\u017enosti, da bi nadaljevali in uresni\u010devali svoje glasbene talente.<\/p>\n<p>Pod odli\u010dnim vodstvom dirigentke\u00a0<strong>Mojce Lavren\u010di\u010d<\/strong>\u00a0imamo mo\u017enost, da nadaljujemo igranje in nadgrajujemo dojemanje glasbe. \u0160tudentskemu \u017eivljenju tako dodajamo nova obzorja.\u00a0Mojca Lavren\u010di\u010d je mlada perspektivna umetnica, ki je svojo glasbeno pot za\u010dela s poukom klavirja in violine. Na Konservatoriju za glasbo in balet Ljubljana je maturirala iz klavirja in glasbene teorije, leta 2018 pa z diplomo Summa cum laude zaklju\u010dila \u0161tudij orkestrskega dirigiranja na ljubljanski glasbeni akademiji. Redno sodeluje s profesionalnimi simfoni\u010dnimi orkestri, prilo\u017enostnimi komornimi sestavi ter vodi \u0161tudentski simfoni\u010dni orkester Grex Symphoniacorum in tambura\u0161ki orkester Tamburja\u0161i. Najve\u010d \u010dasa posve\u010da delovanju na glasbeno-\u200bgledali\u0161kem podro\u010dju: redno sodeluje z SKGG ter SNG Opera in balet Ljubljana.<\/p>\n<p>Poslanstvo orkestra je med drugim tudi dajanje prilo\u017enosti mladim dirigentom in skladateljem ter \u0161tudentom razli\u010dnih umetni\u0161kih smeri, da svoja znanja uporabijo in predstavijo na koncertnih prireditvah. Na za\u010detku vsakega semestra sprejemamo nove \u010dlane in v veliko veselje nam je, da v orkestru sodelujejo tudi ERASMUS \u0161tudenti.<\/p>\n<p>Simfoni\u010dni orkester Grex Symphoniacorum UL pripravi na koncu vsakega semestra koncert v Slovenski filharmoniji.<\/p>\t\t\t\t\t\t\t\t<\/div>\n\t\t\t\t<\/div>\n\t\t\t\t<div class=\"elementor-element elementor-element-359a74e elementor-widget elementor-widget-spacer\" data-id=\"359a74e\" data-element_type=\"widget\" data-e-type=\"widget\" data-widget_type=\"spacer.default\">\n\t\t\t\t<div class=\"elementor-widget-container\">\n\t\t\t\t\t\t\t<div class=\"elementor-spacer\">\n\t\t\t<div class=\"elementor-spacer-inner\"><\/div>\n\t\t<\/div>\n\t\t\t\t\t\t<\/div>\n\t\t\t\t<\/div>\n\t\t\t\t\t<\/div>\n\t\t<\/div>\n\t\t\t\t\t<\/div>\n\t\t<\/section>\n\t\t\t\t<section class=\"elementor-section elementor-top-section elementor-element elementor-element-44b0c53 elementor-section-height-min-height elementor-section-full_width elementor-section-stretched elementor-section-height-default elementor-section-items-middle wpr-particle-no wpr-jarallax-no wpr-parallax-no wpr-sticky-section-no wpr-column-slider-no wpr-equal-height-no\" data-id=\"44b0c53\" data-element_type=\"section\" data-e-type=\"section\" data-settings=\"{&quot;background_background&quot;:&quot;classic&quot;,&quot;stretch_section&quot;:&quot;section-stretched&quot;}\">\n\t\t\t\t\t\t<div class=\"elementor-container elementor-column-gap-default\">\n\t\t\t\t\t<div class=\"elementor-column elementor-col-100 elementor-top-column elementor-element elementor-element-7043b81\" data-id=\"7043b81\" data-element_type=\"column\" data-e-type=\"column\">\n\t\t\t<div class=\"elementor-widget-wrap\">\n\t\t\t\t\t\t\t<\/div>\n\t\t<\/div>\n\t\t\t\t\t<\/div>\n\t\t<\/section>\n\t\t\t\t<section class=\"elementor-section elementor-top-section elementor-element elementor-element-76a0ef1 elementor-section-boxed elementor-section-height-default elementor-section-height-default wpr-particle-no wpr-jarallax-no wpr-parallax-no wpr-sticky-section-no wpr-column-slider-no wpr-equal-height-no\" data-id=\"76a0ef1\" data-element_type=\"section\" data-e-type=\"section\">\n\t\t\t\t\t\t<div class=\"elementor-container elementor-column-gap-default\">\n\t\t\t\t\t<div class=\"elementor-column elementor-col-100 elementor-top-column elementor-element elementor-element-6bb9721\" data-id=\"6bb9721\" data-element_type=\"column\" data-e-type=\"column\">\n\t\t\t<div class=\"elementor-widget-wrap elementor-element-populated\">\n\t\t\t\t\t\t<div class=\"elementor-element elementor-element-7a159bb elementor-widget elementor-widget-spacer\" data-id=\"7a159bb\" data-element_type=\"widget\" data-e-type=\"widget\" data-widget_type=\"spacer.default\">\n\t\t\t\t<div class=\"elementor-widget-container\">\n\t\t\t\t\t\t\t<div class=\"elementor-spacer\">\n\t\t\t<div class=\"elementor-spacer-inner\"><\/div>\n\t\t<\/div>\n\t\t\t\t\t\t<\/div>\n\t\t\t\t<\/div>\n\t\t\t\t\t<\/div>\n\t\t<\/div>\n\t\t\t\t\t<\/div>\n\t\t<\/section>\n\t\t\t\t<section class=\"elementor-section elementor-top-section elementor-element elementor-element-3f3a676 elementor-section-boxed elementor-section-height-default elementor-section-height-default wpr-particle-no wpr-jarallax-no wpr-parallax-no wpr-sticky-section-no wpr-column-slider-no wpr-equal-height-no\" data-id=\"3f3a676\" data-element_type=\"section\" data-e-type=\"section\">\n\t\t\t\t\t\t<div class=\"elementor-container elementor-column-gap-default\">\n\t\t\t\t\t<div class=\"elementor-column elementor-col-100 elementor-top-column elementor-element elementor-element-28cb976\" data-id=\"28cb976\" data-element_type=\"column\" data-e-type=\"column\">\n\t\t\t<div class=\"elementor-widget-wrap elementor-element-populated\">\n\t\t\t\t\t\t<div class=\"elementor-element elementor-element-9edaad1 elementor-widget elementor-widget-spacer\" data-id=\"9edaad1\" data-element_type=\"widget\" data-e-type=\"widget\" data-widget_type=\"spacer.default\">\n\t\t\t\t<div class=\"elementor-widget-container\">\n\t\t\t\t\t\t\t<div class=\"elementor-spacer\">\n\t\t\t<div class=\"elementor-spacer-inner\"><\/div>\n\t\t<\/div>\n\t\t\t\t\t\t<\/div>\n\t\t\t\t<\/div>\n\t\t\t\t\t<\/div>\n\t\t<\/div>\n\t\t\t\t\t<\/div>\n\t\t<\/section>\n\t\t\t\t<\/div>\n\t\t","protected":false},"excerpt":{"rendered":"<p>USTANOVITEV IN VIZIJA \u0160tudentski simfoni\u010dni orkester\u00a0Grex Symphoniacorum Univerze v Ljubljani\u00a0je nastal oktobra 2018 na pobudo \u0161tudentke medicine\u00a0Katarine Javornik. Orkester zdru\u017euje \u0161tudente in zaposlene vseh ljubljanskih fakultet, ki si poleg izpolnjevanja \u0161tudijskih obveznosti \u017eelimo tudi glasbeno udejstvovati. Po kon\u010danem izobra\u017eevanju v glasbenih \u0161olah do sedaj \u0161tudenti nismo imeli veliko mo\u017enosti, da bi nadaljevali in uresni\u010devali svoje glasbene talente. Pod odli\u010dnim vodstvom dirigentke\u00a0Mojce Lavren\u010di\u010d\u00a0imamo mo\u017enost, da nadaljujemo igranje in nadgrajujemo dojemanje glasbe. \u0160tudentskemu \u017eivljenju tako dodajamo nova obzorja.\u00a0Mojca Lavren\u010di\u010d je mlada perspektivna umetnica, ki je svojo glasbeno pot za\u010dela s poukom klavirja in violine. Na Konservatoriju za glasbo in balet Ljubljana je maturirala iz klavirja in glasbene teorije, leta 2018 pa z diplomo Summa cum laude zaklju\u010dila \u0161tudij orkestrskega dirigiranja na ljubljanski glasbeni akademiji. Redno sodeluje s profesionalnimi simfoni\u010dnimi orkestri, prilo\u017enostnimi komornimi sestavi ter vodi \u0161tudentski simfoni\u010dni orkester Grex Symphoniacorum in tambura\u0161ki orkester Tamburja\u0161i. Najve\u010d \u010dasa posve\u010da delovanju na glasbeno-\u200bgledali\u0161kem podro\u010dju: redno sodeluje z SKGG ter SNG Opera in balet Ljubljana. Poslanstvo orkestra je med drugim tudi dajanje prilo\u017enosti mladim dirigentom in skladateljem ter \u0161tudentom razli\u010dnih umetni\u0161kih smeri, da svoja znanja uporabijo in predstavijo na koncertnih prireditvah. Na za\u010detku vsakega semestra sprejemamo nove \u010dlane in v veliko veselje nam je, da v orkestru sodelujejo tudi ERASMUS \u0161tudenti. Simfoni\u010dni orkester Grex Symphoniacorum UL pripravi na koncu vsakega semestra koncert v Slovenski filharmoniji.<\/p>\n","protected":false},"author":1,"featured_media":0,"parent":0,"menu_order":0,"comment_status":"closed","ping_status":"closed","template":"elementor_header_footer","meta":{"nf_dc_page":"","om_disable_all_campaigns":false,"_monsterinsights_skip_tracking":false,"_monsterinsights_sitenote_active":false,"_monsterinsights_sitenote_note":"","_monsterinsights_sitenote_category":0,"footnotes":""},"class_list":["post-104","page","type-page","status-publish","hentry"],"yoast_head":"<!-- This site is optimized with the Yoast SEO plugin v27.6 - https:\/\/yoast.com\/product\/yoast-seo-wordpress\/ -->\n<title>O NAS - Grex Symphoniacorum UL<\/title>\n<meta name=\"robots\" content=\"index, follow, max-snippet:-1, max-image-preview:large, max-video-preview:-1\" \/>\n<link rel=\"canonical\" href=\"https:\/\/orkestergrex.com\/index.php\/o-nas-2\/\" \/>\n<meta property=\"og:locale\" content=\"en_US\" \/>\n<meta property=\"og:type\" content=\"article\" \/>\n<meta property=\"og:title\" content=\"O NAS - Grex Symphoniacorum UL\" \/>\n<meta property=\"og:description\" content=\"USTANOVITEV IN VIZIJA \u0160tudentski simfoni\u010dni orkester\u00a0Grex Symphoniacorum Univerze v Ljubljani\u00a0je nastal oktobra 2018 na pobudo \u0161tudentke medicine\u00a0Katarine Javornik. Orkester zdru\u017euje \u0161tudente in zaposlene vseh ljubljanskih fakultet, ki si poleg izpolnjevanja \u0161tudijskih obveznosti \u017eelimo tudi glasbeno udejstvovati. Po kon\u010danem izobra\u017eevanju v glasbenih \u0161olah do sedaj \u0161tudenti nismo imeli veliko mo\u017enosti, da bi nadaljevali in uresni\u010devali svoje glasbene talente. Pod odli\u010dnim vodstvom dirigentke\u00a0Mojce Lavren\u010di\u010d\u00a0imamo mo\u017enost, da nadaljujemo igranje in nadgrajujemo dojemanje glasbe. \u0160tudentskemu \u017eivljenju tako dodajamo nova obzorja.\u00a0Mojca Lavren\u010di\u010d je mlada perspektivna umetnica, ki je svojo glasbeno pot za\u010dela s poukom klavirja in violine. Na Konservatoriju za glasbo in balet Ljubljana je maturirala iz klavirja in glasbene teorije, leta 2018 pa z diplomo Summa cum laude zaklju\u010dila \u0161tudij orkestrskega dirigiranja na ljubljanski glasbeni akademiji. Redno sodeluje s profesionalnimi simfoni\u010dnimi orkestri, prilo\u017enostnimi komornimi sestavi ter vodi \u0161tudentski simfoni\u010dni orkester Grex Symphoniacorum in tambura\u0161ki orkester Tamburja\u0161i. Najve\u010d \u010dasa posve\u010da delovanju na glasbeno-\u200bgledali\u0161kem podro\u010dju: redno sodeluje z SKGG ter SNG Opera in balet Ljubljana. Poslanstvo orkestra je med drugim tudi dajanje prilo\u017enosti mladim dirigentom in skladateljem ter \u0161tudentom razli\u010dnih umetni\u0161kih smeri, da svoja znanja uporabijo in predstavijo na koncertnih prireditvah. Na za\u010detku vsakega semestra sprejemamo nove \u010dlane in v veliko veselje nam je, da v orkestru sodelujejo tudi ERASMUS \u0161tudenti. Simfoni\u010dni orkester Grex Symphoniacorum UL pripravi na koncu vsakega semestra koncert v Slovenski filharmoniji.\" \/>\n<meta property=\"og:url\" content=\"https:\/\/orkestergrex.com\/index.php\/o-nas-2\/\" \/>\n<meta property=\"og:site_name\" content=\"Grex Symphoniacorum UL\" \/>\n<meta property=\"article:publisher\" content=\"https:\/\/www.facebook.com\/GrexSymphoniacorum\" \/>\n<meta property=\"article:modified_time\" content=\"2024-10-06T16:12:46+00:00\" \/>\n<meta name=\"twitter:card\" content=\"summary_large_image\" \/>\n<meta name=\"twitter:label1\" content=\"Est. reading time\" \/>\n\t<meta name=\"twitter:data1\" content=\"1 minute\" \/>\n<script type=\"application\/ld+json\" class=\"yoast-schema-graph\">{\"@context\":\"https:\\\/\\\/schema.org\",\"@graph\":[{\"@type\":\"WebPage\",\"@id\":\"https:\\\/\\\/orkestergrex.com\\\/index.php\\\/o-nas-2\\\/\",\"url\":\"https:\\\/\\\/orkestergrex.com\\\/index.php\\\/o-nas-2\\\/\",\"name\":\"O NAS - Grex Symphoniacorum UL\",\"isPartOf\":{\"@id\":\"https:\\\/\\\/orkestergrex.com\\\/#website\"},\"datePublished\":\"2020-11-23T17:11:48+00:00\",\"dateModified\":\"2024-10-06T16:12:46+00:00\",\"breadcrumb\":{\"@id\":\"https:\\\/\\\/orkestergrex.com\\\/index.php\\\/o-nas-2\\\/#breadcrumb\"},\"inLanguage\":\"en-US\",\"potentialAction\":[{\"@type\":\"ReadAction\",\"target\":[\"https:\\\/\\\/orkestergrex.com\\\/index.php\\\/o-nas-2\\\/\"]}]},{\"@type\":\"BreadcrumbList\",\"@id\":\"https:\\\/\\\/orkestergrex.com\\\/index.php\\\/o-nas-2\\\/#breadcrumb\",\"itemListElement\":[{\"@type\":\"ListItem\",\"position\":1,\"name\":\"Home\",\"item\":\"https:\\\/\\\/orkestergrex.com\\\/\"},{\"@type\":\"ListItem\",\"position\":2,\"name\":\"O NAS\"}]},{\"@type\":\"WebSite\",\"@id\":\"https:\\\/\\\/orkestergrex.com\\\/#website\",\"url\":\"https:\\\/\\\/orkestergrex.com\\\/\",\"name\":\"Grex Symphoniacorum\",\"description\":\"\u0160tudentski simfoni\u010dni orkester\",\"publisher\":{\"@id\":\"https:\\\/\\\/orkestergrex.com\\\/#organization\"},\"potentialAction\":[{\"@type\":\"SearchAction\",\"target\":{\"@type\":\"EntryPoint\",\"urlTemplate\":\"https:\\\/\\\/orkestergrex.com\\\/?s={search_term_string}\"},\"query-input\":{\"@type\":\"PropertyValueSpecification\",\"valueRequired\":true,\"valueName\":\"search_term_string\"}}],\"inLanguage\":\"en-US\"},{\"@type\":\"Organization\",\"@id\":\"https:\\\/\\\/orkestergrex.com\\\/#organization\",\"name\":\"Grex Symphoniacorum\",\"url\":\"https:\\\/\\\/orkestergrex.com\\\/\",\"logo\":{\"@type\":\"ImageObject\",\"inLanguage\":\"en-US\",\"@id\":\"https:\\\/\\\/orkestergrex.com\\\/#\\\/schema\\\/logo\\\/image\\\/\",\"url\":\"https:\\\/\\\/i0.wp.com\\\/orkestergrex.com\\\/wp-content\\\/uploads\\\/2020\\\/11\\\/horizontal-grex-white.png?fit=1001%2C186&ssl=1\",\"contentUrl\":\"https:\\\/\\\/i0.wp.com\\\/orkestergrex.com\\\/wp-content\\\/uploads\\\/2020\\\/11\\\/horizontal-grex-white.png?fit=1001%2C186&ssl=1\",\"width\":1001,\"height\":186,\"caption\":\"Grex Symphoniacorum\"},\"image\":{\"@id\":\"https:\\\/\\\/orkestergrex.com\\\/#\\\/schema\\\/logo\\\/image\\\/\"},\"sameAs\":[\"https:\\\/\\\/www.facebook.com\\\/GrexSymphoniacorum\",\"https:\\\/\\\/www.instagram.com\\\/grexsymphoniacorum\\\/\",\"https:\\\/\\\/www.youtube.com\\\/channel\\\/UCLrr5YuzySGm09UgwiSYjxA\"]}]}<\/script>\n<!-- \/ Yoast SEO plugin. -->","yoast_head_json":{"title":"O NAS - Grex Symphoniacorum UL","robots":{"index":"index","follow":"follow","max-snippet":"max-snippet:-1","max-image-preview":"max-image-preview:large","max-video-preview":"max-video-preview:-1"},"canonical":"https:\/\/orkestergrex.com\/index.php\/o-nas-2\/","og_locale":"en_US","og_type":"article","og_title":"O NAS - Grex Symphoniacorum UL","og_description":"USTANOVITEV IN VIZIJA \u0160tudentski simfoni\u010dni orkester\u00a0Grex Symphoniacorum Univerze v Ljubljani\u00a0je nastal oktobra 2018 na pobudo \u0161tudentke medicine\u00a0Katarine Javornik. Orkester zdru\u017euje \u0161tudente in zaposlene vseh ljubljanskih fakultet, ki si poleg izpolnjevanja \u0161tudijskih obveznosti \u017eelimo tudi glasbeno udejstvovati. Po kon\u010danem izobra\u017eevanju v glasbenih \u0161olah do sedaj \u0161tudenti nismo imeli veliko mo\u017enosti, da bi nadaljevali in uresni\u010devali svoje glasbene talente. Pod odli\u010dnim vodstvom dirigentke\u00a0Mojce Lavren\u010di\u010d\u00a0imamo mo\u017enost, da nadaljujemo igranje in nadgrajujemo dojemanje glasbe. \u0160tudentskemu \u017eivljenju tako dodajamo nova obzorja.\u00a0Mojca Lavren\u010di\u010d je mlada perspektivna umetnica, ki je svojo glasbeno pot za\u010dela s poukom klavirja in violine. Na Konservatoriju za glasbo in balet Ljubljana je maturirala iz klavirja in glasbene teorije, leta 2018 pa z diplomo Summa cum laude zaklju\u010dila \u0161tudij orkestrskega dirigiranja na ljubljanski glasbeni akademiji. Redno sodeluje s profesionalnimi simfoni\u010dnimi orkestri, prilo\u017enostnimi komornimi sestavi ter vodi \u0161tudentski simfoni\u010dni orkester Grex Symphoniacorum in tambura\u0161ki orkester Tamburja\u0161i. Najve\u010d \u010dasa posve\u010da delovanju na glasbeno-\u200bgledali\u0161kem podro\u010dju: redno sodeluje z SKGG ter SNG Opera in balet Ljubljana. Poslanstvo orkestra je med drugim tudi dajanje prilo\u017enosti mladim dirigentom in skladateljem ter \u0161tudentom razli\u010dnih umetni\u0161kih smeri, da svoja znanja uporabijo in predstavijo na koncertnih prireditvah. Na za\u010detku vsakega semestra sprejemamo nove \u010dlane in v veliko veselje nam je, da v orkestru sodelujejo tudi ERASMUS \u0161tudenti. Simfoni\u010dni orkester Grex Symphoniacorum UL pripravi na koncu vsakega semestra koncert v Slovenski filharmoniji.","og_url":"https:\/\/orkestergrex.com\/index.php\/o-nas-2\/","og_site_name":"Grex Symphoniacorum UL","article_publisher":"https:\/\/www.facebook.com\/GrexSymphoniacorum","article_modified_time":"2024-10-06T16:12:46+00:00","twitter_card":"summary_large_image","twitter_misc":{"Est. reading time":"1 minute"},"schema":{"@context":"https:\/\/schema.org","@graph":[{"@type":"WebPage","@id":"https:\/\/orkestergrex.com\/index.php\/o-nas-2\/","url":"https:\/\/orkestergrex.com\/index.php\/o-nas-2\/","name":"O NAS - Grex Symphoniacorum UL","isPartOf":{"@id":"https:\/\/orkestergrex.com\/#website"},"datePublished":"2020-11-23T17:11:48+00:00","dateModified":"2024-10-06T16:12:46+00:00","breadcrumb":{"@id":"https:\/\/orkestergrex.com\/index.php\/o-nas-2\/#breadcrumb"},"inLanguage":"en-US","potentialAction":[{"@type":"ReadAction","target":["https:\/\/orkestergrex.com\/index.php\/o-nas-2\/"]}]},{"@type":"BreadcrumbList","@id":"https:\/\/orkestergrex.com\/index.php\/o-nas-2\/#breadcrumb","itemListElement":[{"@type":"ListItem","position":1,"name":"Home","item":"https:\/\/orkestergrex.com\/"},{"@type":"ListItem","position":2,"name":"O NAS"}]},{"@type":"WebSite","@id":"https:\/\/orkestergrex.com\/#website","url":"https:\/\/orkestergrex.com\/","name":"Grex Symphoniacorum","description":"\u0160tudentski simfoni\u010dni orkester","publisher":{"@id":"https:\/\/orkestergrex.com\/#organization"},"potentialAction":[{"@type":"SearchAction","target":{"@type":"EntryPoint","urlTemplate":"https:\/\/orkestergrex.com\/?s={search_term_string}"},"query-input":{"@type":"PropertyValueSpecification","valueRequired":true,"valueName":"search_term_string"}}],"inLanguage":"en-US"},{"@type":"Organization","@id":"https:\/\/orkestergrex.com\/#organization","name":"Grex Symphoniacorum","url":"https:\/\/orkestergrex.com\/","logo":{"@type":"ImageObject","inLanguage":"en-US","@id":"https:\/\/orkestergrex.com\/#\/schema\/logo\/image\/","url":"https:\/\/i0.wp.com\/orkestergrex.com\/wp-content\/uploads\/2020\/11\/horizontal-grex-white.png?fit=1001%2C186&ssl=1","contentUrl":"https:\/\/i0.wp.com\/orkestergrex.com\/wp-content\/uploads\/2020\/11\/horizontal-grex-white.png?fit=1001%2C186&ssl=1","width":1001,"height":186,"caption":"Grex Symphoniacorum"},"image":{"@id":"https:\/\/orkestergrex.com\/#\/schema\/logo\/image\/"},"sameAs":["https:\/\/www.facebook.com\/GrexSymphoniacorum","https:\/\/www.instagram.com\/grexsymphoniacorum\/","https:\/\/www.youtube.com\/channel\/UCLrr5YuzySGm09UgwiSYjxA"]}]}},"guten_post_layout_featured_media_urls":{"full":false,"thumbnail":false,"medium":false,"medium_large":false,"large":false,"1536x1536":false,"2048x2048":false,"guten_post_layout_landscape_large":false,"guten_post_layout_portrait_large":false,"guten_post_layout_square_large":false,"guten_post_layout_landscape":false,"guten_post_layout_portrait":false,"guten_post_layout_square":false,"clean-biz-about-image":false,"clean-biz-portfolio-image":false,"clean-biz-medium-image":false,"clean-biz-team-image":false,"clean-biz-blog-image":false,"rpwe-thumbnail":false},"jetpack_sharing_enabled":true,"_links":{"self":[{"href":"https:\/\/orkestergrex.com\/index.php\/wp-json\/wp\/v2\/pages\/104","targetHints":{"allow":["GET"]}}],"collection":[{"href":"https:\/\/orkestergrex.com\/index.php\/wp-json\/wp\/v2\/pages"}],"about":[{"href":"https:\/\/orkestergrex.com\/index.php\/wp-json\/wp\/v2\/types\/page"}],"author":[{"embeddable":true,"href":"https:\/\/orkestergrex.com\/index.php\/wp-json\/wp\/v2\/users\/1"}],"replies":[{"embeddable":true,"href":"https:\/\/orkestergrex.com\/index.php\/wp-json\/wp\/v2\/comments?post=104"}],"version-history":[{"count":5,"href":"https:\/\/orkestergrex.com\/index.php\/wp-json\/wp\/v2\/pages\/104\/revisions"}],"predecessor-version":[{"id":2421,"href":"https:\/\/orkestergrex.com\/index.php\/wp-json\/wp\/v2\/pages\/104\/revisions\/2421"}],"wp:attachment":[{"href":"https:\/\/orkestergrex.com\/index.php\/wp-json\/wp\/v2\/media?parent=104"}],"curies":[{"name":"wp","href":"https:\/\/api.w.org\/{rel}","templated":true}]}}