{"id":542,"date":"2020-12-01T21:05:03","date_gmt":"2020-12-01T20:05:03","guid":{"rendered":"http:\/\/orkestergrex.com\/index.php\/booking\/"},"modified":"2026-01-05T13:25:45","modified_gmt":"2026-01-05T12:25:45","slug":"vstopnice","status":"publish","type":"page","link":"https:\/\/orkestergrex.com\/index.php\/vstopnice\/","title":{"rendered":"VSTOPNICE"},"content":{"rendered":"\t\t<div data-elementor-type=\"wp-page\" data-elementor-id=\"542\" class=\"elementor elementor-542\">\n\t\t\t\t\t\t<section class=\"elementor-section elementor-top-section elementor-element elementor-element-c57dd77 animated-slow elementor-section-boxed elementor-section-height-default elementor-section-height-default wpr-particle-no wpr-jarallax-no wpr-parallax-no wpr-sticky-section-no wpr-equal-height-no elementor-invisible\" data-id=\"c57dd77\" data-element_type=\"section\" data-e-type=\"section\" data-settings=\"{&quot;background_background&quot;:&quot;gradient&quot;,&quot;animation&quot;:&quot;fadeInUp&quot;}\">\n\t\t\t\t\t\t<div class=\"elementor-container elementor-column-gap-default\">\n\t\t\t\t\t<div class=\"elementor-column elementor-col-100 elementor-top-column elementor-element elementor-element-b1890e1\" data-id=\"b1890e1\" data-element_type=\"column\" data-e-type=\"column\">\n\t\t\t<div class=\"elementor-widget-wrap elementor-element-populated\">\n\t\t\t\t\t\t<div class=\"elementor-element elementor-element-68aaf03 elementor-invisible elementor-widget elementor-widget-heading\" data-id=\"68aaf03\" data-element_type=\"widget\" data-e-type=\"widget\" data-settings=\"{&quot;_animation&quot;:&quot;fadeInUp&quot;}\" data-widget_type=\"heading.default\">\n\t\t\t\t<div class=\"elementor-widget-container\">\n\t\t\t\t\t<h2 class=\"elementor-heading-title elementor-size-default\">REZERVACIJA VSTOPNIC<\/h2>\t\t\t\t<\/div>\n\t\t\t\t<\/div>\n\t\t\t\t\t<\/div>\n\t\t<\/div>\n\t\t\t\t\t<\/div>\n\t\t<\/section>\n\t\t\t\t<section class=\"elementor-section elementor-top-section elementor-element elementor-element-4f72c48 elementor-section-boxed elementor-section-height-default elementor-section-height-default wpr-particle-no wpr-jarallax-no wpr-parallax-no wpr-sticky-section-no wpr-equal-height-no\" data-id=\"4f72c48\" data-element_type=\"section\" data-e-type=\"section\">\n\t\t\t\t\t\t<div class=\"elementor-container elementor-column-gap-default\">\n\t\t\t\t\t<div class=\"elementor-column elementor-col-100 elementor-top-column elementor-element elementor-element-86e15c4\" data-id=\"86e15c4\" data-element_type=\"column\" data-e-type=\"column\">\n\t\t\t<div class=\"elementor-widget-wrap elementor-element-populated\">\n\t\t\t\t\t\t<div class=\"elementor-element elementor-element-2a51c1b elementor-widget elementor-widget-spacer\" data-id=\"2a51c1b\" data-element_type=\"widget\" data-e-type=\"widget\" data-widget_type=\"spacer.default\">\n\t\t\t\t<div class=\"elementor-widget-container\">\n\t\t\t\t\t\t\t<div class=\"elementor-spacer\">\n\t\t\t<div class=\"elementor-spacer-inner\"><\/div>\n\t\t<\/div>\n\t\t\t\t\t\t<\/div>\n\t\t\t\t<\/div>\n\t\t\t\t<div class=\"elementor-element elementor-element-96a036c animated-slow elementor-invisible elementor-widget elementor-widget-text-editor\" data-id=\"96a036c\" data-element_type=\"widget\" data-e-type=\"widget\" data-settings=\"{&quot;_animation&quot;:&quot;fadeInUp&quot;}\" data-widget_type=\"text-editor.default\">\n\t\t\t\t<div class=\"elementor-widget-container\">\n\t\t\t\t\t\t\t\t\t<p><b>DOBRODO\u0160LI NA ON-LINE NAKUPU VSTOPNIC<\/b><\/p>\t\t\t\t\t\t\t\t<\/div>\n\t\t\t\t<\/div>\n\t\t\t\t<div class=\"elementor-element elementor-element-3c35cbe elementor-widget elementor-widget-text-editor\" data-id=\"3c35cbe\" data-element_type=\"widget\" data-e-type=\"widget\" data-widget_type=\"text-editor.default\">\n\t\t\t\t<div class=\"elementor-widget-container\">\n\t\t\t\t\t\t\t\t\t<p>Drage obiskovalke in obiskovalci,<\/p><p>Nakup vstopnic poteka tudi na na\u0161i spletni strani, kjer izberete <b>\u0161tevilo<\/b> in <b>vrsto vstopnice za koncert.<\/b><\/p><p><b>SEDE\u017dNI RED V DVORANI VELJA!<\/b><\/p><p>Veseli bomo tudi kak\u0161nega\u00a0<strong>prostovoljnega prispevka<\/strong>.<\/p><h5>\u00a0<\/h5>\t\t\t\t\t\t\t\t<\/div>\n\t\t\t\t<\/div>\n\t\t\t\t\t<\/div>\n\t\t<\/div>\n\t\t\t\t\t<\/div>\n\t\t<\/section>\n\t\t\t\t<section class=\"elementor-section elementor-top-section elementor-element elementor-element-8e07b63 elementor-section-boxed elementor-section-height-default elementor-section-height-default wpr-particle-no wpr-jarallax-no wpr-parallax-no wpr-sticky-section-no wpr-equal-height-no\" data-id=\"8e07b63\" data-element_type=\"section\" data-e-type=\"section\">\n\t\t\t\t\t\t<div class=\"elementor-container elementor-column-gap-default\">\n\t\t\t\t\t<div class=\"elementor-column elementor-col-100 elementor-top-column elementor-element elementor-element-69671b5\" data-id=\"69671b5\" data-element_type=\"column\" data-e-type=\"column\">\n\t\t\t<div class=\"elementor-widget-wrap elementor-element-populated\">\n\t\t\t\t\t\t<div class=\"elementor-element elementor-element-a32d3fd elementor-widget elementor-widget-spacer\" data-id=\"a32d3fd\" data-element_type=\"widget\" data-e-type=\"widget\" data-widget_type=\"spacer.default\">\n\t\t\t\t<div class=\"elementor-widget-container\">\n\t\t\t\t\t\t\t<div class=\"elementor-spacer\">\n\t\t\t<div class=\"elementor-spacer-inner\"><\/div>\n\t\t<\/div>\n\t\t\t\t\t\t<\/div>\n\t\t\t\t<\/div>\n\t\t\t\t<div class=\"elementor-element elementor-element-3d3b828 elementor-widget elementor-widget-text-editor\" data-id=\"3d3b828\" data-element_type=\"widget\" data-e-type=\"widget\" data-widget_type=\"text-editor.default\">\n\t\t\t\t<div class=\"elementor-widget-container\">\n\t\t\t\t\t\t\t\t\t<h3>SEZONA 2025\/2026<\/h3>\t\t\t\t\t\t\t\t<\/div>\n\t\t\t\t<\/div>\n\t\t\t\t<div class=\"elementor-element elementor-element-c31c3be elementor-invisible elementor-widget elementor-widget-heading\" data-id=\"c31c3be\" data-element_type=\"widget\" data-e-type=\"widget\" data-settings=\"{&quot;_animation&quot;:&quot;fadeInUp&quot;}\" data-widget_type=\"heading.default\">\n\t\t\t\t<div class=\"elementor-widget-container\">\n\t\t\t\t\t<h3 class=\"elementor-heading-title elementor-size-default\">12. GALA NOVOLETNI KONCERT - S STRAUSSOM V NEW YORK<\/h3>\t\t\t\t<\/div>\n\t\t\t\t<\/div>\n\t\t\t\t<div class=\"elementor-element elementor-element-3409879 elementor-widget elementor-widget-spacer\" data-id=\"3409879\" data-element_type=\"widget\" data-e-type=\"widget\" data-widget_type=\"spacer.default\">\n\t\t\t\t<div class=\"elementor-widget-container\">\n\t\t\t\t\t\t\t<div class=\"elementor-spacer\">\n\t\t\t<div class=\"elementor-spacer-inner\"><\/div>\n\t\t<\/div>\n\t\t\t\t\t\t<\/div>\n\t\t\t\t<\/div>\n\t\t\t\t<div class=\"elementor-element elementor-element-b2df38e elementor-widget elementor-widget-html\" data-id=\"b2df38e\" data-element_type=\"widget\" data-e-type=\"widget\" data-widget_type=\"html.default\">\n\t\t\t\t<div class=\"elementor-widget-container\">\n\t\t\t\t\t<div style=\"padding-bottom:56.25%; position:relative; display:block; width: 100%\">\r\n  <iframe width=\"100%\" height=\"100%\"\r\n    data-src=\"https:\/\/filharmonija.kupikarto.si\/dogodek.php?&dogId=1312&page=1\"\r\n    frameborder=\"0\" allowfullscreen=\"\" style=\"position:absolute; top:0; left: 0\" src=\"data:image\/svg+xml;base64,PHN2ZyB3aWR0aD0iMSIgaGVpZ2h0PSIxIiB4bWxucz0iaHR0cDovL3d3dy53My5vcmcvMjAwMC9zdmciPjwvc3ZnPg==\" class=\"lazyload\" data-load-mode=\"1\">\r\n  <\/iframe>\r\n<\/div>\t\t\t\t<\/div>\n\t\t\t\t<\/div>\n\t\t\t\t\t<\/div>\n\t\t<\/div>\n\t\t\t\t\t<\/div>\n\t\t<\/section>\n\t\t\t\t<section class=\"elementor-section elementor-top-section elementor-element elementor-element-3334ece elementor-section-boxed elementor-section-height-default elementor-section-height-default wpr-particle-no wpr-jarallax-no wpr-parallax-no wpr-sticky-section-no wpr-equal-height-no\" data-id=\"3334ece\" data-element_type=\"section\" data-e-type=\"section\">\n\t\t\t\t\t\t<div class=\"elementor-container elementor-column-gap-default\">\n\t\t\t\t\t<div class=\"elementor-column elementor-col-100 elementor-top-column elementor-element elementor-element-09943b5\" data-id=\"09943b5\" data-element_type=\"column\" data-e-type=\"column\">\n\t\t\t<div class=\"elementor-widget-wrap elementor-element-populated\">\n\t\t\t\t\t\t<div class=\"elementor-element elementor-element-a3e7c53 elementor-widget elementor-widget-spacer\" data-id=\"a3e7c53\" data-element_type=\"widget\" data-e-type=\"widget\" data-widget_type=\"spacer.default\">\n\t\t\t\t<div class=\"elementor-widget-container\">\n\t\t\t\t\t\t\t<div class=\"elementor-spacer\">\n\t\t\t<div class=\"elementor-spacer-inner\"><\/div>\n\t\t<\/div>\n\t\t\t\t\t\t<\/div>\n\t\t\t\t<\/div>\n\t\t\t\t\t<\/div>\n\t\t<\/div>\n\t\t\t\t\t<\/div>\n\t\t<\/section>\n\t\t\t\t<\/div>\n\t\t","protected":false},"excerpt":{"rendered":"<p>REZERVACIJA VSTOPNIC DOBRODO\u0160LI NA ON-LINE NAKUPU VSTOPNIC Drage obiskovalke in obiskovalci, Nakup vstopnic poteka tudi na na\u0161i spletni strani, kjer izberete \u0161tevilo in vrsto vstopnice za koncert. SEDE\u017dNI RED V DVORANI VELJA! Veseli bomo tudi kak\u0161nega\u00a0prostovoljnega prispevka. \u00a0 SEZONA 2025\/2026 12. GALA NOVOLETNI KONCERT &#8211; S STRAUSSOM V NEW YORK<\/p>\n","protected":false},"author":1,"featured_media":0,"parent":0,"menu_order":0,"comment_status":"closed","ping_status":"closed","template":"elementor_header_footer","meta":{"nf_dc_page":"","om_disable_all_campaigns":false,"_monsterinsights_skip_tracking":false,"_monsterinsights_sitenote_active":false,"_monsterinsights_sitenote_note":"","_monsterinsights_sitenote_category":0,"footnotes":""},"class_list":["post-542","page","type-page","status-publish","hentry"],"yoast_head":"<!-- This site is optimized with the Yoast SEO plugin v27.4 - https:\/\/yoast.com\/product\/yoast-seo-wordpress\/ -->\n<title>VSTOPNICE - Grex Symphoniacorum UL<\/title>\n<meta name=\"robots\" content=\"index, follow, max-snippet:-1, max-image-preview:large, max-video-preview:-1\" \/>\n<link rel=\"canonical\" href=\"https:\/\/orkestergrex.com\/index.php\/vstopnice\/\" \/>\n<meta property=\"og:locale\" content=\"en_US\" \/>\n<meta property=\"og:type\" content=\"article\" \/>\n<meta property=\"og:title\" content=\"VSTOPNICE - Grex Symphoniacorum UL\" \/>\n<meta property=\"og:description\" content=\"REZERVACIJA VSTOPNIC DOBRODO\u0160LI NA ON-LINE NAKUPU VSTOPNIC Drage obiskovalke in obiskovalci, Nakup vstopnic poteka tudi na na\u0161i spletni strani, kjer izberete \u0161tevilo in vrsto vstopnice za koncert. SEDE\u017dNI RED V DVORANI VELJA! Veseli bomo tudi kak\u0161nega\u00a0prostovoljnega prispevka. \u00a0 SEZONA 2025\/2026 12. GALA NOVOLETNI KONCERT &#8211; S STRAUSSOM V NEW YORK\" \/>\n<meta property=\"og:url\" content=\"https:\/\/orkestergrex.com\/index.php\/vstopnice\/\" \/>\n<meta property=\"og:site_name\" content=\"Grex Symphoniacorum UL\" \/>\n<meta property=\"article:publisher\" content=\"https:\/\/www.facebook.com\/GrexSymphoniacorum\" \/>\n<meta property=\"article:modified_time\" content=\"2026-01-05T12:25:45+00:00\" \/>\n<meta name=\"twitter:card\" content=\"summary_large_image\" \/>\n<meta name=\"twitter:label1\" content=\"Est. reading time\" \/>\n\t<meta name=\"twitter:data1\" content=\"1 minute\" \/>\n<script type=\"application\/ld+json\" class=\"yoast-schema-graph\">{\"@context\":\"https:\\\/\\\/schema.org\",\"@graph\":[{\"@type\":\"WebPage\",\"@id\":\"https:\\\/\\\/orkestergrex.com\\\/index.php\\\/vstopnice\\\/\",\"url\":\"https:\\\/\\\/orkestergrex.com\\\/index.php\\\/vstopnice\\\/\",\"name\":\"VSTOPNICE - Grex Symphoniacorum UL\",\"isPartOf\":{\"@id\":\"https:\\\/\\\/orkestergrex.com\\\/#website\"},\"datePublished\":\"2020-12-01T20:05:03+00:00\",\"dateModified\":\"2026-01-05T12:25:45+00:00\",\"breadcrumb\":{\"@id\":\"https:\\\/\\\/orkestergrex.com\\\/index.php\\\/vstopnice\\\/#breadcrumb\"},\"inLanguage\":\"en-US\",\"potentialAction\":[{\"@type\":\"ReadAction\",\"target\":[\"https:\\\/\\\/orkestergrex.com\\\/index.php\\\/vstopnice\\\/\"]}]},{\"@type\":\"BreadcrumbList\",\"@id\":\"https:\\\/\\\/orkestergrex.com\\\/index.php\\\/vstopnice\\\/#breadcrumb\",\"itemListElement\":[{\"@type\":\"ListItem\",\"position\":1,\"name\":\"Home\",\"item\":\"https:\\\/\\\/orkestergrex.com\\\/\"},{\"@type\":\"ListItem\",\"position\":2,\"name\":\"VSTOPNICE\"}]},{\"@type\":\"WebSite\",\"@id\":\"https:\\\/\\\/orkestergrex.com\\\/#website\",\"url\":\"https:\\\/\\\/orkestergrex.com\\\/\",\"name\":\"Grex Symphoniacorum\",\"description\":\"\u0160tudentski simfoni\u010dni orkester\",\"publisher\":{\"@id\":\"https:\\\/\\\/orkestergrex.com\\\/#organization\"},\"potentialAction\":[{\"@type\":\"SearchAction\",\"target\":{\"@type\":\"EntryPoint\",\"urlTemplate\":\"https:\\\/\\\/orkestergrex.com\\\/?s={search_term_string}\"},\"query-input\":{\"@type\":\"PropertyValueSpecification\",\"valueRequired\":true,\"valueName\":\"search_term_string\"}}],\"inLanguage\":\"en-US\"},{\"@type\":\"Organization\",\"@id\":\"https:\\\/\\\/orkestergrex.com\\\/#organization\",\"name\":\"Grex Symphoniacorum\",\"url\":\"https:\\\/\\\/orkestergrex.com\\\/\",\"logo\":{\"@type\":\"ImageObject\",\"inLanguage\":\"en-US\",\"@id\":\"https:\\\/\\\/orkestergrex.com\\\/#\\\/schema\\\/logo\\\/image\\\/\",\"url\":\"https:\\\/\\\/i0.wp.com\\\/orkestergrex.com\\\/wp-content\\\/uploads\\\/2020\\\/11\\\/horizontal-grex-white.png?fit=1001%2C186&ssl=1\",\"contentUrl\":\"https:\\\/\\\/i0.wp.com\\\/orkestergrex.com\\\/wp-content\\\/uploads\\\/2020\\\/11\\\/horizontal-grex-white.png?fit=1001%2C186&ssl=1\",\"width\":1001,\"height\":186,\"caption\":\"Grex Symphoniacorum\"},\"image\":{\"@id\":\"https:\\\/\\\/orkestergrex.com\\\/#\\\/schema\\\/logo\\\/image\\\/\"},\"sameAs\":[\"https:\\\/\\\/www.facebook.com\\\/GrexSymphoniacorum\",\"https:\\\/\\\/www.instagram.com\\\/grexsymphoniacorum\\\/\",\"https:\\\/\\\/www.youtube.com\\\/channel\\\/UCLrr5YuzySGm09UgwiSYjxA\"]}]}<\/script>\n<!-- \/ Yoast SEO plugin. -->","yoast_head_json":{"title":"VSTOPNICE - Grex Symphoniacorum UL","robots":{"index":"index","follow":"follow","max-snippet":"max-snippet:-1","max-image-preview":"max-image-preview:large","max-video-preview":"max-video-preview:-1"},"canonical":"https:\/\/orkestergrex.com\/index.php\/vstopnice\/","og_locale":"en_US","og_type":"article","og_title":"VSTOPNICE - Grex Symphoniacorum UL","og_description":"REZERVACIJA VSTOPNIC DOBRODO\u0160LI NA ON-LINE NAKUPU VSTOPNIC Drage obiskovalke in obiskovalci, Nakup vstopnic poteka tudi na na\u0161i spletni strani, kjer izberete \u0161tevilo in vrsto vstopnice za koncert. SEDE\u017dNI RED V DVORANI VELJA! Veseli bomo tudi kak\u0161nega\u00a0prostovoljnega prispevka. \u00a0 SEZONA 2025\/2026 12. GALA NOVOLETNI KONCERT &#8211; S STRAUSSOM V NEW YORK","og_url":"https:\/\/orkestergrex.com\/index.php\/vstopnice\/","og_site_name":"Grex Symphoniacorum UL","article_publisher":"https:\/\/www.facebook.com\/GrexSymphoniacorum","article_modified_time":"2026-01-05T12:25:45+00:00","twitter_card":"summary_large_image","twitter_misc":{"Est. reading time":"1 minute"},"schema":{"@context":"https:\/\/schema.org","@graph":[{"@type":"WebPage","@id":"https:\/\/orkestergrex.com\/index.php\/vstopnice\/","url":"https:\/\/orkestergrex.com\/index.php\/vstopnice\/","name":"VSTOPNICE - Grex Symphoniacorum UL","isPartOf":{"@id":"https:\/\/orkestergrex.com\/#website"},"datePublished":"2020-12-01T20:05:03+00:00","dateModified":"2026-01-05T12:25:45+00:00","breadcrumb":{"@id":"https:\/\/orkestergrex.com\/index.php\/vstopnice\/#breadcrumb"},"inLanguage":"en-US","potentialAction":[{"@type":"ReadAction","target":["https:\/\/orkestergrex.com\/index.php\/vstopnice\/"]}]},{"@type":"BreadcrumbList","@id":"https:\/\/orkestergrex.com\/index.php\/vstopnice\/#breadcrumb","itemListElement":[{"@type":"ListItem","position":1,"name":"Home","item":"https:\/\/orkestergrex.com\/"},{"@type":"ListItem","position":2,"name":"VSTOPNICE"}]},{"@type":"WebSite","@id":"https:\/\/orkestergrex.com\/#website","url":"https:\/\/orkestergrex.com\/","name":"Grex Symphoniacorum","description":"\u0160tudentski simfoni\u010dni orkester","publisher":{"@id":"https:\/\/orkestergrex.com\/#organization"},"potentialAction":[{"@type":"SearchAction","target":{"@type":"EntryPoint","urlTemplate":"https:\/\/orkestergrex.com\/?s={search_term_string}"},"query-input":{"@type":"PropertyValueSpecification","valueRequired":true,"valueName":"search_term_string"}}],"inLanguage":"en-US"},{"@type":"Organization","@id":"https:\/\/orkestergrex.com\/#organization","name":"Grex Symphoniacorum","url":"https:\/\/orkestergrex.com\/","logo":{"@type":"ImageObject","inLanguage":"en-US","@id":"https:\/\/orkestergrex.com\/#\/schema\/logo\/image\/","url":"https:\/\/i0.wp.com\/orkestergrex.com\/wp-content\/uploads\/2020\/11\/horizontal-grex-white.png?fit=1001%2C186&ssl=1","contentUrl":"https:\/\/i0.wp.com\/orkestergrex.com\/wp-content\/uploads\/2020\/11\/horizontal-grex-white.png?fit=1001%2C186&ssl=1","width":1001,"height":186,"caption":"Grex Symphoniacorum"},"image":{"@id":"https:\/\/orkestergrex.com\/#\/schema\/logo\/image\/"},"sameAs":["https:\/\/www.facebook.com\/GrexSymphoniacorum","https:\/\/www.instagram.com\/grexsymphoniacorum\/","https:\/\/www.youtube.com\/channel\/UCLrr5YuzySGm09UgwiSYjxA"]}]}},"guten_post_layout_featured_media_urls":{"full":false,"thumbnail":false,"medium":false,"medium_large":false,"large":false,"1536x1536":false,"2048x2048":false,"guten_post_layout_landscape_large":false,"guten_post_layout_portrait_large":false,"guten_post_layout_square_large":false,"guten_post_layout_landscape":false,"guten_post_layout_portrait":false,"guten_post_layout_square":false,"clean-biz-about-image":false,"clean-biz-portfolio-image":false,"clean-biz-medium-image":false,"clean-biz-team-image":false,"clean-biz-blog-image":false,"rpwe-thumbnail":false},"jetpack_sharing_enabled":true,"_links":{"self":[{"href":"https:\/\/orkestergrex.com\/index.php\/wp-json\/wp\/v2\/pages\/542","targetHints":{"allow":["GET"]}}],"collection":[{"href":"https:\/\/orkestergrex.com\/index.php\/wp-json\/wp\/v2\/pages"}],"about":[{"href":"https:\/\/orkestergrex.com\/index.php\/wp-json\/wp\/v2\/types\/page"}],"author":[{"embeddable":true,"href":"https:\/\/orkestergrex.com\/index.php\/wp-json\/wp\/v2\/users\/1"}],"replies":[{"embeddable":true,"href":"https:\/\/orkestergrex.com\/index.php\/wp-json\/wp\/v2\/comments?post=542"}],"version-history":[{"count":5,"href":"https:\/\/orkestergrex.com\/index.php\/wp-json\/wp\/v2\/pages\/542\/revisions"}],"predecessor-version":[{"id":3116,"href":"https:\/\/orkestergrex.com\/index.php\/wp-json\/wp\/v2\/pages\/542\/revisions\/3116"}],"wp:attachment":[{"href":"https:\/\/orkestergrex.com\/index.php\/wp-json\/wp\/v2\/media?parent=542"}],"curies":[{"name":"wp","href":"https:\/\/api.w.org\/{rel}","templated":true}]}}